{"id":872,"date":"2017-07-05T09:33:42","date_gmt":"2017-07-05T09:33:42","guid":{"rendered":"http:\/\/localhost\/alquera\/productos\/producto\/poliacrilato-de-sodio-250g\/"},"modified":"2026-03-30T09:46:29","modified_gmt":"2026-03-30T09:46:29","slug":"poliacrilato-de-sodio","status":"publish","type":"product","link":"https:\/\/www.alquera.com\/pt\/poliacrilato-de-sodio\/","title":{"rendered":"Poliacrilato de S\u00f3dio"},"content":{"rendered":"<p>O Poliacrilato de S\u00f3dio, tamb\u00e9m conhecido como pol\u00edmero superabsorvente, SAP, \u00e9 um pol\u00edmero com capacidade para absorver grandes quantidades de \u00e1gua. A absor\u00e7\u00e3o de poliacrilato de s\u00f3dio \u00e9 at\u00e9 100 vezes superior ao seu peso em \u00e1gua. \u00c0 medida que absorve \u00e1gua adquire uma textura semelhante a um gel, como se pode ver nas imagens do produto.<\/p>\n<h2>IDENTIFICA\u00c7\u00c3O E PROPRIEDADES POLIACRILATO DE S\u00d3DIO<\/h2>\n<p>Nome: Poliacrilato de s\u00f3dio<br \/>\nSin\u00f3nimos: Poliacrilato de s\u00f3dio. Sal de \u00e1cido poliacr\u00edlico.<br \/>\nCAS: 9003-04-7<br \/>\nCE: Pol\u00edmero<br \/>\nAspecto: P\u00f3 branco<\/p>\n<p>Pode ver mais propriedades nesta sec\u00e7\u00e3o: <a href=\"https:\/\/www.alquera.com\/pt\/poliacrilato-de-sodio\/propiedades\/\" target=\"_blank\" rel=\"noopener noreferrer\">Propriedades Poliacrilato de S\u00f3dio<\/a>.<\/p>\n<h2>ASPECTO DO POLIACRILATO<\/h2>\n<p>Para ver os pormenores do Poliacrilato de S\u00f3dio que recebe quando faz a sua encomenda, pode ver este v\u00eddeo: <a href=\"https:\/\/www.youtube.com\/watch?v=qVzwgdTgMUQ\" target=\"_blank\" rel=\"noopener noreferrer\">V\u00eddeo Poliacrilato de S\u00f3dio<\/a><\/p>\n<h2>UTILIZA\u00c7\u00d5ES DO POLIACRILATO DE S\u00d3DIO<\/h2>\n<p>O poliacrilato tem uma grande variedade de utiliza\u00e7\u00f5es, tais como:<\/p>\n<ul>\n<li>Fazer neve artificial. A subst\u00e2ncia que \u00e9 gerada quando misturada com \u00e1gua adquire a textura de neve artificial, tornando-se um jogo muito divertido para as crian\u00e7as, bem como para a decora\u00e7\u00e3o de lojas.<\/li>\n<li>Aumento da viscosidade da \u00e1gua, jardinagem: Para aumentar a viscosidade da \u00e1gua em algumas aplica\u00e7\u00f5es.<\/li>\n<li>O poliacrilato de s\u00f3dio \u00e9 tamb\u00e9m utilizado em fraldas de beb\u00e9 (\u00e9 o que lhes confere a sua capacidade de absor\u00e7\u00e3o) ou em pensos higi\u00e9nicos.<\/li>\n<li>Filtros de \u00e1gua<\/li>\n<li>Compressas quentes\/frias<\/li>\n<li>Cosm\u00e9tica (aprovada at\u00e9 uma composi\u00e7\u00e3o de 1%)<\/li>\n<li>Elimina\u00e7\u00e3o de \u00e1guas residuais<\/li>\n<li>Transporte de alimentos. Aprovado e certificado para saco de 20Kg.<\/li>\n<\/ul>\n<p>Ver detalhes sobre o <a href=\"https:\/\/www.alquera.com\/pt\/poliacrilato-de-sodio\/usos\/\" target=\"_blank\" rel=\"noopener noreferrer\">utiliza poliacrilato de s\u00f3dio\u00a0<\/a><\/p>\n<div><\/div>\n<h2><\/h2>\n<p>&nbsp;<\/p>\n<div><\/div>","protected":false},"excerpt":{"rendered":"<p>Comprar Poliacrilato de S\u00f3dio em Alquera. Em Alquera pode comprar Poliacrilato de S\u00f3dio em quantidades a partir de 250 gramas, 1Kg, 5Kg ou em sacos de 20Kg. Se est\u00e1 \u00e0 procura de poliacrilato de s\u00f3dio para fazer neve artificial, recomendamos-lhe que utilize este produto: <a href=\"https:\/\/www.alquera.com\/pt\/nieve-artificial\/\">neve artificial<\/a>O pol\u00edmero foi modificado e obt\u00e9m-se um aspecto de neve ainda mais realista. Embarca\u00e7\u00f5es em 24\/48h.<\/p>","protected":false},"featured_media":868,"comment_status":"open","ping_status":"closed","template":"","meta":{"_acf_changed":false,"site-sidebar-layout":"default","site-content-layout":"default","ast-site-content-layout":"default","site-content-style":"default","site-sidebar-style":"default","ast-global-header-display":"","ast-banner-title-visibility":"","ast-main-header-display":"","ast-hfb-above-header-display":"","ast-hfb-below-header-display":"","ast-hfb-mobile-header-display":"","site-post-title":"","ast-breadcrumbs-content":"","ast-featured-img":"","footer-sml-layout":"","ast-disable-related-posts":"","theme-transparent-header-meta":"default","adv-header-id-meta":"","stick-header-meta":"default","header-above-stick-meta":"","header-main-stick-meta":"","header-below-stick-meta":"","astra-migrate-meta-layouts":"set","ast-page-background-enabled":"default","ast-page-background-meta":{"desktop":{"background-color":"var(--ast-global-color-4)","background-image":"","background-repeat":"repeat","background-position":"center center","background-size":"auto","background-attachment":"scroll","background-type":"","background-media":"","overlay-type":"","overlay-color":"","overlay-opacity":"","overlay-gradient":""},"tablet":{"background-color":"","background-image":"","background-repeat":"repeat","background-position":"center center","background-size":"auto","background-attachment":"scroll","background-type":"","background-media":"","overlay-type":"","overlay-color":"","overlay-opacity":"","overlay-gradient":""},"mobile":{"background-color":"","background-image":"","background-repeat":"repeat","background-position":"center center","background-size":"auto","background-attachment":"scroll","background-type":"","background-media":"","overlay-type":"","overlay-color":"","overlay-opacity":"","overlay-gradient":""}},"ast-content-background-meta":{"desktop":{"background-color":"var(--ast-global-color-5)","background-image":"","background-repeat":"repeat","background-position":"center center","background-size":"auto","background-attachment":"scroll","background-type":"","background-media":"","overlay-type":"","overlay-color":"","overlay-opacity":"","overlay-gradient":""},"tablet":{"background-color":"var(--ast-global-color-5)","background-image":"","background-repeat":"repeat","background-position":"center center","background-size":"auto","background-attachment":"scroll","background-type":"","background-media":"","overlay-type":"","overlay-color":"","overlay-opacity":"","overlay-gradient":""},"mobile":{"background-color":"var(--ast-global-color-5)","background-image":"","background-repeat":"repeat","background-position":"center center","background-size":"auto","background-attachment":"scroll","background-type":"","background-media":"","overlay-type":"","overlay-color":"","overlay-opacity":"","overlay-gradient":""}}},"product_brand":[],"product_cat":[214,21],"product_tag":[],"class_list":{"0":"post-872","1":"product","2":"type-product","3":"status-publish","4":"has-post-thumbnail","6":"product_cat-polimeros-super-absorbentes","7":"product_cat-productos","8":"pa_cantidad-250g","9":"pa_cantidad-1kg","10":"pa_cantidad-5kg","11":"pa_cantidad-20kg","12":"desktop-align-left","13":"tablet-align-left","14":"mobile-align-left","15":"ast-product-gallery-layout-horizontal-slider","16":"ast-magnify-disabled","17":"ast-product-single-variable","18":"ast-product-tabs-layout-horizontal","19":"ast-qv-on-image","21":"first","22":"instock","23":"taxable","24":"shipping-taxable","25":"purchasable","26":"product-type-variable","27":"has-default-attributes"},"acf":[],"yoast_head":"<!-- This site is optimized with the Yoast SEO Premium plugin v27.1 (Yoast SEO v27.1.1) - https:\/\/yoast.com\/product\/yoast-seo-premium-wordpress\/ -->\n<title>Poliacrilato de Sodio: Comprar Online - Alquera.com<\/title>\n<meta name=\"description\" content=\"ENV\u00cdOS 24\/48h. Comprar poliacrilato de sodio, pol\u00edmero con aplicaciones gracias a su capacidad de absorci\u00f3n de agua, hacer nieve artificial.\" \/>\n<meta name=\"robots\" content=\"index, follow, max-snippet:-1, max-image-preview:large, max-video-preview:-1\" \/>\n<link rel=\"canonical\" href=\"https:\/\/www.alquera.com\/pt\/poliacrilato-de-sodio\/\" \/>\n<meta property=\"og:locale\" content=\"pt_PT\" \/>\n<meta property=\"og:type\" content=\"article\" \/>\n<meta property=\"og:title\" content=\"Poliacrilato de Sodio: Comprar Online - Alquera.com\" \/>\n<meta property=\"og:description\" content=\"ENV\u00cdOS 24\/48h. Comprar poliacrilato de sodio, pol\u00edmero con aplicaciones gracias a su capacidad de absorci\u00f3n de agua, hacer nieve artificial.\" \/>\n<meta property=\"og:url\" content=\"https:\/\/www.alquera.com\/pt\/poliacrilato-de-sodio\/\" \/>\n<meta property=\"og:site_name\" content=\"Alquera.com\" \/>\n<meta property=\"article:publisher\" content=\"https:\/\/www.facebook.com\/alqueraciencia\" \/>\n<meta property=\"article:modified_time\" content=\"2026-03-30T09:46:29+00:00\" \/>\n<meta property=\"og:image\" content=\"https:\/\/www.alquera.com\/wp-content\/uploads\/2017\/07\/932-thickbox_default-Poliacrilato-de-sodio-1Kg.jpg\" \/>\n\t<meta property=\"og:image:width\" content=\"800\" \/>\n\t<meta property=\"og:image:height\" content=\"800\" \/>\n\t<meta property=\"og:image:type\" content=\"image\/jpeg\" \/>\n<meta name=\"twitter:card\" content=\"summary_large_image\" \/>\n<meta name=\"twitter:label1\" content=\"Disponibilidade\" \/>\n\t<meta name=\"twitter:data1\" content=\"Em stock\" \/>\n<script type=\"application\/ld+json\" class=\"yoast-schema-graph\">{\"@context\":\"https:\/\/schema.org\",\"@graph\":[{\"@type\":[\"WebPage\",\"ItemPage\"],\"@id\":\"https:\/\/www.alquera.com\/poliacrilato-de-sodio\/\",\"url\":\"https:\/\/www.alquera.com\/poliacrilato-de-sodio\/\",\"name\":\"Poliacrilato de Sodio: Comprar Online - Alquera.com\",\"isPartOf\":{\"@id\":\"https:\/\/www.alquera.com\/en\/#website\"},\"primaryImageOfPage\":{\"@id\":\"https:\/\/www.alquera.com\/poliacrilato-de-sodio\/#primaryimage\"},\"image\":{\"@id\":\"https:\/\/www.alquera.com\/poliacrilato-de-sodio\/#primaryimage\"},\"thumbnailUrl\":\"https:\/\/www.alquera.com\/wp-content\/uploads\/2017\/07\/932-thickbox_default-Poliacrilato-de-sodio-1Kg.jpg\",\"datePublished\":\"2017-07-05T09:33:42+00:00\",\"dateModified\":\"2026-03-30T09:46:29+00:00\",\"description\":\"ENV\u00cdOS 24\/48h. Comprar poliacrilato de sodio, pol\u00edmero con aplicaciones gracias a su capacidad de absorci\u00f3n de agua, hacer nieve artificial.\",\"breadcrumb\":{\"@id\":\"https:\/\/www.alquera.com\/poliacrilato-de-sodio\/#breadcrumb\"},\"inLanguage\":\"pt-PT\",\"potentialAction\":[{\"@type\":\"ReadAction\",\"target\":[\"https:\/\/www.alquera.com\/poliacrilato-de-sodio\/\"]}]},{\"@type\":\"ImageObject\",\"inLanguage\":\"pt-PT\",\"@id\":\"https:\/\/www.alquera.com\/poliacrilato-de-sodio\/#primaryimage\",\"url\":\"https:\/\/www.alquera.com\/wp-content\/uploads\/2017\/07\/932-thickbox_default-Poliacrilato-de-sodio-1Kg.jpg\",\"contentUrl\":\"https:\/\/www.alquera.com\/wp-content\/uploads\/2017\/07\/932-thickbox_default-Poliacrilato-de-sodio-1Kg.jpg\",\"width\":800,\"height\":800,\"caption\":\"Poliacrilato de sodio\"},{\"@type\":\"BreadcrumbList\",\"@id\":\"https:\/\/www.alquera.com\/poliacrilato-de-sodio\/#breadcrumb\",\"itemListElement\":[{\"@type\":\"ListItem\",\"position\":1,\"name\":\"Inicio\",\"item\":\"https:\/\/www.alquera.com\/\"},{\"@type\":\"ListItem\",\"position\":2,\"name\":\"Alquera.com: Tienda Online de Productos Qu\u00edmicos y Material de Laboratorio\",\"item\":\"https:\/\/www.alquera.com\/en\/tienda\/\"},{\"@type\":\"ListItem\",\"position\":3,\"name\":\"Poliacrilato de Sodio\"}]},{\"@type\":\"WebSite\",\"@id\":\"https:\/\/www.alquera.com\/en\/#website\",\"url\":\"https:\/\/www.alquera.com\/en\/\",\"name\":\"Alquera.com\",\"description\":\"Tienda Online Productos Qu\u00edmicos y Material de Laboratorio\",\"publisher\":{\"@id\":\"https:\/\/www.alquera.com\/en\/#organization\"},\"potentialAction\":[{\"@type\":\"SearchAction\",\"target\":{\"@type\":\"EntryPoint\",\"urlTemplate\":\"https:\/\/www.alquera.com\/en\/?s={search_term_string}\"},\"query-input\":{\"@type\":\"PropertyValueSpecification\",\"valueRequired\":true,\"valueName\":\"search_term_string\"}}],\"inLanguage\":\"pt-PT\"},{\"@type\":\"Organization\",\"@id\":\"https:\/\/www.alquera.com\/en\/#organization\",\"name\":\"ALQUERA CIENCIA SL\",\"url\":\"https:\/\/www.alquera.com\/en\/\",\"logo\":{\"@type\":\"ImageObject\",\"inLanguage\":\"pt-PT\",\"@id\":\"https:\/\/www.alquera.com\/en\/#\/schema\/logo\/image\/\",\"url\":\"https:\/\/www.alquera.com\/wp-content\/uploads\/2020\/11\/logo_300_ancho.png\",\"contentUrl\":\"https:\/\/www.alquera.com\/wp-content\/uploads\/2020\/11\/logo_300_ancho.png\",\"width\":300,\"height\":86,\"caption\":\"ALQUERA CIENCIA SL\"},\"image\":{\"@id\":\"https:\/\/www.alquera.com\/en\/#\/schema\/logo\/image\/\"},\"sameAs\":[\"https:\/\/www.facebook.com\/alqueraciencia\",\"https:\/\/www.instagram.com\/alquera_ciencia\/\",\"https:\/\/www.youtube.com\/c\/alquera\"]}]}<\/script>\n<meta property=\"og:availability\" content=\"instock\" \/>\n<meta property=\"product:availability\" content=\"instock\" \/>\n<meta property=\"product:retailer_item_id\" content=\"AL10003_250\" \/>\n<meta property=\"product:condition\" content=\"new\" \/>\n<!-- \/ Yoast SEO Premium plugin. -->","yoast_head_json":{"title":"Poliacrilato de S\u00f3dio: Comprar Online - Alquera.com","description":"ENVIO 24\/48h. Comprar poliacrilato de s\u00f3dio, pol\u00edmero com aplica\u00e7\u00f5es gra\u00e7as \u00e0 sua capacidade de absor\u00e7\u00e3o de \u00e1gua, para fazer neve artificial.","robots":{"index":"index","follow":"follow","max-snippet":"max-snippet:-1","max-image-preview":"max-image-preview:large","max-video-preview":"max-video-preview:-1"},"canonical":"https:\/\/www.alquera.com\/pt\/poliacrilato-de-sodio\/","og_locale":"pt_PT","og_type":"article","og_title":"Poliacrilato de Sodio: Comprar Online - Alquera.com","og_description":"ENV\u00cdOS 24\/48h. Comprar poliacrilato de sodio, pol\u00edmero con aplicaciones gracias a su capacidad de absorci\u00f3n de agua, hacer nieve artificial.","og_url":"https:\/\/www.alquera.com\/pt\/poliacrilato-de-sodio\/","og_site_name":"Alquera.com","article_publisher":"https:\/\/www.facebook.com\/alqueraciencia","article_modified_time":"2026-03-30T09:46:29+00:00","og_image":[{"width":800,"height":800,"url":"https:\/\/www.alquera.com\/wp-content\/uploads\/2017\/07\/932-thickbox_default-Poliacrilato-de-sodio-1Kg.jpg","type":"image\/jpeg"}],"twitter_card":"summary_large_image","twitter_misc":{"Disponibilidade":"Em stock"},"schema":{"@context":"https:\/\/schema.org","@graph":[{"@type":["WebPage","ItemPage"],"@id":"https:\/\/www.alquera.com\/poliacrilato-de-sodio\/","url":"https:\/\/www.alquera.com\/poliacrilato-de-sodio\/","name":"Poliacrilato de S\u00f3dio: Comprar Online - Alquera.com","isPartOf":{"@id":"https:\/\/www.alquera.com\/en\/#website"},"primaryImageOfPage":{"@id":"https:\/\/www.alquera.com\/poliacrilato-de-sodio\/#primaryimage"},"image":{"@id":"https:\/\/www.alquera.com\/poliacrilato-de-sodio\/#primaryimage"},"thumbnailUrl":"https:\/\/www.alquera.com\/wp-content\/uploads\/2017\/07\/932-thickbox_default-Poliacrilato-de-sodio-1Kg.jpg","datePublished":"2017-07-05T09:33:42+00:00","dateModified":"2026-03-30T09:46:29+00:00","description":"ENVIO 24\/48h. Comprar poliacrilato de s\u00f3dio, pol\u00edmero com aplica\u00e7\u00f5es gra\u00e7as \u00e0 sua capacidade de absor\u00e7\u00e3o de \u00e1gua, para fazer neve artificial.","breadcrumb":{"@id":"https:\/\/www.alquera.com\/poliacrilato-de-sodio\/#breadcrumb"},"inLanguage":"pt-PT","potentialAction":[{"@type":"ReadAction","target":["https:\/\/www.alquera.com\/poliacrilato-de-sodio\/"]}]},{"@type":"ImageObject","inLanguage":"pt-PT","@id":"https:\/\/www.alquera.com\/poliacrilato-de-sodio\/#primaryimage","url":"https:\/\/www.alquera.com\/wp-content\/uploads\/2017\/07\/932-thickbox_default-Poliacrilato-de-sodio-1Kg.jpg","contentUrl":"https:\/\/www.alquera.com\/wp-content\/uploads\/2017\/07\/932-thickbox_default-Poliacrilato-de-sodio-1Kg.jpg","width":800,"height":800,"caption":"Poliacrilato de sodio"},{"@type":"BreadcrumbList","@id":"https:\/\/www.alquera.com\/poliacrilato-de-sodio\/#breadcrumb","itemListElement":[{"@type":"ListItem","position":1,"name":"Inicio","item":"https:\/\/www.alquera.com\/"},{"@type":"ListItem","position":2,"name":"Alquera.com: Tienda Online de Productos Qu\u00edmicos y Material de Laboratorio","item":"https:\/\/www.alquera.com\/en\/tienda\/"},{"@type":"ListItem","position":3,"name":"Poliacrilato de Sodio"}]},{"@type":"WebSite","@id":"https:\/\/www.alquera.com\/en\/#website","url":"https:\/\/www.alquera.com\/en\/","name":"Alquera.com","description":"Loja on-line de produtos qu\u00edmicos e equipamento de laborat\u00f3rio","publisher":{"@id":"https:\/\/www.alquera.com\/en\/#organization"},"potentialAction":[{"@type":"SearchAction","target":{"@type":"EntryPoint","urlTemplate":"https:\/\/www.alquera.com\/en\/?s={search_term_string}"},"query-input":{"@type":"PropertyValueSpecification","valueRequired":true,"valueName":"search_term_string"}}],"inLanguage":"pt-PT"},{"@type":"Organization","@id":"https:\/\/www.alquera.com\/en\/#organization","name":"ALQUERA CIENCIA SL","url":"https:\/\/www.alquera.com\/en\/","logo":{"@type":"ImageObject","inLanguage":"pt-PT","@id":"https:\/\/www.alquera.com\/en\/#\/schema\/logo\/image\/","url":"https:\/\/www.alquera.com\/wp-content\/uploads\/2020\/11\/logo_300_ancho.png","contentUrl":"https:\/\/www.alquera.com\/wp-content\/uploads\/2020\/11\/logo_300_ancho.png","width":300,"height":86,"caption":"ALQUERA CIENCIA SL"},"image":{"@id":"https:\/\/www.alquera.com\/en\/#\/schema\/logo\/image\/"},"sameAs":["https:\/\/www.facebook.com\/alqueraciencia","https:\/\/www.instagram.com\/alquera_ciencia\/","https:\/\/www.youtube.com\/c\/alquera"]}]},"og_availability":"instock","product_availability":"instock","product_retailer_item_id":"AL10003_250","product_condition":"new"},"_links":{"self":[{"href":"https:\/\/www.alquera.com\/pt\/wp-json\/wp\/v2\/product\/872","targetHints":{"allow":["GET"]}}],"collection":[{"href":"https:\/\/www.alquera.com\/pt\/wp-json\/wp\/v2\/product"}],"about":[{"href":"https:\/\/www.alquera.com\/pt\/wp-json\/wp\/v2\/types\/product"}],"replies":[{"embeddable":true,"href":"https:\/\/www.alquera.com\/pt\/wp-json\/wp\/v2\/comments?post=872"}],"wp:featuredmedia":[{"embeddable":true,"href":"https:\/\/www.alquera.com\/pt\/wp-json\/wp\/v2\/media\/868"}],"wp:attachment":[{"href":"https:\/\/www.alquera.com\/pt\/wp-json\/wp\/v2\/media?parent=872"}],"wp:term":[{"taxonomy":"product_brand","embeddable":true,"href":"https:\/\/www.alquera.com\/pt\/wp-json\/wp\/v2\/product_brand?post=872"},{"taxonomy":"product_cat","embeddable":true,"href":"https:\/\/www.alquera.com\/pt\/wp-json\/wp\/v2\/product_cat?post=872"},{"taxonomy":"product_tag","embeddable":true,"href":"https:\/\/www.alquera.com\/pt\/wp-json\/wp\/v2\/product_tag?post=872"}],"curies":[{"name":"wp","href":"https:\/\/api.w.org\/{rel}","templated":true}]}}