{"id":885,"date":"2017-07-07T16:17:41","date_gmt":"2017-07-07T16:17:41","guid":{"rendered":"http:\/\/localhost\/alquera\/productos\/producto\/borax-5kg\/"},"modified":"2026-05-13T08:29:08","modified_gmt":"2026-05-13T08:29:08","slug":"borax","status":"publish","type":"product","link":"https:\/\/www.alquera.com\/pt\/borax\/","title":{"rendered":"Decahydrate de B\u00f3rax"},"content":{"rendered":"<p>Borax \u00e9 o nome comercial do Sal de Boro.  O Borax \u00e9 um cristal branco facilmente sol\u00favel em \u00e1gua. O Borax tem uma multiplicidade de utiliza\u00e7\u00f5es, tanto em detergentes, amaciadores, sab\u00f5es,... como em joalharia como fluxo para soldar ouro, prata, etc. \u00c9 tamb\u00e9m utilizado no fabrico de componentes de vidro e tinta.<\/p>\n<h2>IDENTIFICA\u00c7\u00c3O E PROPRIEDADES<\/h2>\n<p><strong>Nome<\/strong>Decahydrate de B\u00f3rax<br \/>\n<strong>Sin\u00f3nimos<\/strong>Tetraborato diss\u00f3dico deca-hidratado, Tetraborato de s\u00f3dio deca-hidratado, Tetraborato de s\u00f3dio deca-hidratado<br \/>\n<strong>CAS:<\/strong> 1303-96-4<br \/>\n<strong>CE:<\/strong> 215-540-4<\/p>\n<ul>\n<li>Aspecto (20\u00baC; 1013 hPa): S\u00f3lido cristalino branco (p\u00f3 ou granular)<\/li>\n<li>Odor: inodoro<\/li>\n<li>pH (20\u00baC): 9,3 (solu\u00e7\u00e3o a 0,1%) 9,2 (solu\u00e7\u00e3o a 1,0%) 9,3 (solu\u00e7\u00e3o a 4,7%)<\/li>\n<li>Ponto de fus\u00e3o: 741\u00baC<\/li>\n<li>Ponto de ebuli\u00e7\u00e3o: 1575\u00baC<\/li>\n<li>Press\u00e3o de vapor (50\u00baC): &lt;300 kPa<\/li>\n<li>Densidade relativa (20\u00baC): 1,73 g\/cm3<\/li>\n<li>Solubilidade em \u00e1gua (20\u00baC): 4.7%<\/li>\n<li>Solubilidade em \u00e1gua (100\u00baC): 65.6%<\/li>\n<li>Coeficiente de parti\u00e7\u00e3o n-octanol\/\u00e1gua (Log Pow) (20\u00baC): -0,757<\/li>\n<li>Temperatura de decomposi\u00e7\u00e3o: -95\u00baC<\/li>\n<li>Propriedades explosivas: N\u00e3o explosivas<\/li>\n<li>Propriedades oxidantes: N\u00e3o-combustivo<\/li>\n<\/ul>\n<h2>UTILIZA\u00c7\u00c3O:<\/h2>\n<p>Pode ver os usos e propriedades com mais detalhe nesta sec\u00e7\u00e3o: <a href=\"https:\/\/www.alquera.com\/pt\/borax\/usos-borax\/\" target=\"_blank\" rel=\"noopener noreferrer\">Usos do Borax<\/a>.<\/p>\n<ul>\n<li><strong>EM DETERGENTES<\/strong><\/li>\n<\/ul>\n<p>O B\u00f3rax \u00e9 um dos ingredientes dos quais a maioria dos sab\u00f5es, detergentes e amaciadores de tecidos s\u00e3o compostos. O b\u00f3rax \u00e9 utilizado porque como composto anfot\u00e9rico (reage com \u00e1cidos e bases), \u00e9 um bom regulador de pH, assim como amacia os carbonatos na \u00e1gua, permitindo uma maior limpeza.<br \/>\nO b\u00f3rax \u00e9 por vezes utilizado como um intensificador de detergente. Especialmente no caso da utiliza\u00e7\u00e3o de um detergente muito b\u00e1sico, um intensificador como o b\u00f3rax \u00e9 utilizado para melhorar as propriedades do detergente. O Borax \u00e9 tamb\u00e9m utilizado para o fabrico em conjunto com <a href=\"https:\/\/www.alquera.com\/pt\/carbonato-de-sodio\/\">carbonato de s\u00f3dio<\/a> de detergentes dom\u00e9sticos.<\/p>\n<ul>\n<li><strong>EM JUSTI\u00c7A:<\/strong><\/li>\n<\/ul>\n<p>Na fundi\u00e7\u00e3o de ouro e prata, o b\u00f3rax \u00e9 utilizado para dissolver os \u00f3xidos formados durante o aquecimento do ouro e da prata. Permite que o material fundido flua sobre o molde e ret\u00e9m o seu brilho.<\/p>\n<h3>FAZENDO UM SLIME COM BORAX (experi\u00eancia)<\/h3>\n<p>Uma das experi\u00eancias ou of\u00edcios mais comuns entre os jovens \u00e9 a confec\u00e7\u00e3o de uma massa viscosa, ou pegajosa. A forma mais comum e mais eficaz de fazer lodo \u00e9 com Borax.<\/p>\n<h3>OUTROS UTILIZA\u00c7\u00d5ES:<\/h3>\n<p>O Borax \u00e9 tamb\u00e9m utilizado no fabrico de vidro, esmaltes, fertilizantes foliares e componentes de tintas.<\/p>","protected":false},"excerpt":{"rendered":"<p>Comprar Borax facilmente, desde pequenas embalagens de 250 gramas a sacos de 25kg. Pode ver o pre\u00e7o dos diferentes formatos de b\u00f3rax quando selecciona o formato desejado. A encomenda \u00e9 feita directamente atrav\u00e9s da Web seguindo os passos indicados, e a entrega \u00e9 feita em 24\/48 horas.<\/p>","protected":false},"featured_media":884,"comment_status":"open","ping_status":"closed","template":"","meta":{"_acf_changed":false,"site-sidebar-layout":"default","site-content-layout":"default","ast-site-content-layout":"default","site-content-style":"default","site-sidebar-style":"default","ast-global-header-display":"","ast-banner-title-visibility":"","ast-main-header-display":"","ast-hfb-above-header-display":"","ast-hfb-below-header-display":"","ast-hfb-mobile-header-display":"","site-post-title":"","ast-breadcrumbs-content":"","ast-featured-img":"","footer-sml-layout":"","ast-disable-related-posts":"","theme-transparent-header-meta":"default","adv-header-id-meta":"","stick-header-meta":"default","header-above-stick-meta":"","header-main-stick-meta":"","header-below-stick-meta":"","astra-migrate-meta-layouts":"default","ast-page-background-enabled":"default","ast-page-background-meta":{"desktop":{"background-color":"var(--ast-global-color-4)","background-image":"","background-repeat":"repeat","background-position":"center center","background-size":"auto","background-attachment":"scroll","background-type":"","background-media":"","overlay-type":"","overlay-color":"","overlay-opacity":"","overlay-gradient":""},"tablet":{"background-color":"","background-image":"","background-repeat":"repeat","background-position":"center center","background-size":"auto","background-attachment":"scroll","background-type":"","background-media":"","overlay-type":"","overlay-color":"","overlay-opacity":"","overlay-gradient":""},"mobile":{"background-color":"","background-image":"","background-repeat":"repeat","background-position":"center center","background-size":"auto","background-attachment":"scroll","background-type":"","background-media":"","overlay-type":"","overlay-color":"","overlay-opacity":"","overlay-gradient":""}},"ast-content-background-meta":{"desktop":{"background-color":"var(--ast-global-color-5)","background-image":"","background-repeat":"repeat","background-position":"center center","background-size":"auto","background-attachment":"scroll","background-type":"","background-media":"","overlay-type":"","overlay-color":"","overlay-opacity":"","overlay-gradient":""},"tablet":{"background-color":"var(--ast-global-color-5)","background-image":"","background-repeat":"repeat","background-position":"center center","background-size":"auto","background-attachment":"scroll","background-type":"","background-media":"","overlay-type":"","overlay-color":"","overlay-opacity":"","overlay-gradient":""},"mobile":{"background-color":"var(--ast-global-color-5)","background-image":"","background-repeat":"repeat","background-position":"center center","background-size":"auto","background-attachment":"scroll","background-type":"","background-media":"","overlay-type":"","overlay-color":"","overlay-opacity":"","overlay-gradient":""}}},"product_brand":[],"product_cat":[213,21],"product_tag":[],"class_list":{"0":"post-885","1":"product","2":"type-product","3":"status-publish","4":"has-post-thumbnail","6":"product_cat-agroquimicos","7":"product_cat-productos","8":"pa_cantidad-250g","9":"pa_cantidad-1kg","10":"pa_cantidad-5kg","11":"desktop-align-left","12":"tablet-align-left","13":"mobile-align-left","14":"ast-product-gallery-layout-horizontal-slider","15":"ast-product-gallery-with-no-image","16":"ast-magnify-disabled","17":"ast-product-single-variable","18":"ast-product-tabs-layout-horizontal","19":"ast-qv-on-image","21":"first","22":"instock","23":"taxable","24":"shipping-taxable","25":"purchasable","26":"product-type-variable","27":"has-default-attributes"},"acf":[],"yoast_head":"<!-- This site is optimized with the Yoast SEO Premium plugin v27.1 (Yoast SEO v27.1.1) - https:\/\/yoast.com\/product\/yoast-seo-premium-wordpress\/ -->\n<title>Borax Decahidratado - Comprar Online - Alquera.com<\/title>\n<meta name=\"description\" content=\"ENV\u00cdOS EN 24\/48H. Comprar Borax Decahidratado. Uso para fabricaci\u00f3n detergentes, suavizantes, jabones, as\u00ed como en joyer\u00eda.\" \/>\n<meta name=\"robots\" content=\"index, follow, max-snippet:-1, max-image-preview:large, max-video-preview:-1\" \/>\n<link rel=\"canonical\" href=\"https:\/\/www.alquera.com\/pt\/borax\/\" \/>\n<meta property=\"og:locale\" content=\"pt_PT\" \/>\n<meta property=\"og:type\" content=\"article\" \/>\n<meta property=\"og:title\" content=\"Borax Decahidratado: Comprar Online - Alquera.com\" \/>\n<meta property=\"og:description\" content=\"ENV\u00cdOS EN 24\/48H. Comprar Borax Decahidratado. Uso para fabricaci\u00f3n detergentes, suavizantes, jabones, as\u00ed como en joyer\u00eda.\" \/>\n<meta property=\"og:url\" content=\"https:\/\/www.alquera.com\/pt\/borax\/\" \/>\n<meta property=\"og:site_name\" content=\"Alquera.com\" \/>\n<meta property=\"article:publisher\" content=\"https:\/\/www.facebook.com\/alqueraciencia\" \/>\n<meta property=\"article:modified_time\" content=\"2026-05-13T08:29:08+00:00\" \/>\n<meta property=\"og:image\" content=\"https:\/\/www.alquera.com\/wp-content\/uploads\/2017\/07\/1059-thickbox_default-Borax-Decahidratado-5Kg.jpg\" \/>\n\t<meta property=\"og:image:width\" content=\"800\" \/>\n\t<meta property=\"og:image:height\" content=\"800\" \/>\n\t<meta property=\"og:image:type\" content=\"image\/jpeg\" \/>\n<meta name=\"twitter:card\" content=\"summary_large_image\" \/>\n<meta name=\"twitter:label1\" content=\"Disponibilidade\" \/>\n\t<meta name=\"twitter:data1\" content=\"Em stock\" \/>\n<script type=\"application\/ld+json\" class=\"yoast-schema-graph\">{\"@context\":\"https:\/\/schema.org\",\"@graph\":[{\"@type\":[\"WebPage\",\"ItemPage\"],\"@id\":\"https:\/\/www.alquera.com\/borax\/\",\"url\":\"https:\/\/www.alquera.com\/borax\/\",\"name\":\"Borax Decahidratado - Comprar Online - Alquera.com\",\"isPartOf\":{\"@id\":\"https:\/\/www.alquera.com\/en\/#website\"},\"primaryImageOfPage\":{\"@id\":\"https:\/\/www.alquera.com\/borax\/#primaryimage\"},\"image\":{\"@id\":\"https:\/\/www.alquera.com\/borax\/#primaryimage\"},\"thumbnailUrl\":\"https:\/\/www.alquera.com\/wp-content\/uploads\/2017\/07\/1059-thickbox_default-Borax-Decahidratado-5Kg.jpg\",\"datePublished\":\"2017-07-07T16:17:41+00:00\",\"dateModified\":\"2026-05-13T08:29:08+00:00\",\"description\":\"ENV\u00cdOS EN 24\/48H. Comprar Borax Decahidratado. Uso para fabricaci\u00f3n detergentes, suavizantes, jabones, as\u00ed como en joyer\u00eda.\",\"breadcrumb\":{\"@id\":\"https:\/\/www.alquera.com\/borax\/#breadcrumb\"},\"inLanguage\":\"pt-PT\",\"potentialAction\":[{\"@type\":\"ReadAction\",\"target\":[\"https:\/\/www.alquera.com\/borax\/\"]}]},{\"@type\":\"ImageObject\",\"inLanguage\":\"pt-PT\",\"@id\":\"https:\/\/www.alquera.com\/borax\/#primaryimage\",\"url\":\"https:\/\/www.alquera.com\/wp-content\/uploads\/2017\/07\/1059-thickbox_default-Borax-Decahidratado-5Kg.jpg\",\"contentUrl\":\"https:\/\/www.alquera.com\/wp-content\/uploads\/2017\/07\/1059-thickbox_default-Borax-Decahidratado-5Kg.jpg\",\"width\":800,\"height\":800,\"caption\":\"Borax Decahidratado\"},{\"@type\":\"BreadcrumbList\",\"@id\":\"https:\/\/www.alquera.com\/borax\/#breadcrumb\",\"itemListElement\":[{\"@type\":\"ListItem\",\"position\":1,\"name\":\"Inicio\",\"item\":\"https:\/\/www.alquera.com\/\"},{\"@type\":\"ListItem\",\"position\":2,\"name\":\"Alquera.com: Tienda Online de Productos Qu\u00edmicos y Material de Laboratorio\",\"item\":\"https:\/\/www.alquera.com\/en\/tienda\/\"},{\"@type\":\"ListItem\",\"position\":3,\"name\":\"Borax Decahidratado\"}]},{\"@type\":\"WebSite\",\"@id\":\"https:\/\/www.alquera.com\/en\/#website\",\"url\":\"https:\/\/www.alquera.com\/en\/\",\"name\":\"Alquera.com\",\"description\":\"Tienda Online Productos Qu\u00edmicos y Material de Laboratorio\",\"publisher\":{\"@id\":\"https:\/\/www.alquera.com\/en\/#organization\"},\"potentialAction\":[{\"@type\":\"SearchAction\",\"target\":{\"@type\":\"EntryPoint\",\"urlTemplate\":\"https:\/\/www.alquera.com\/en\/?s={search_term_string}\"},\"query-input\":{\"@type\":\"PropertyValueSpecification\",\"valueRequired\":true,\"valueName\":\"search_term_string\"}}],\"inLanguage\":\"pt-PT\"},{\"@type\":\"Organization\",\"@id\":\"https:\/\/www.alquera.com\/en\/#organization\",\"name\":\"ALQUERA CIENCIA SL\",\"url\":\"https:\/\/www.alquera.com\/en\/\",\"logo\":{\"@type\":\"ImageObject\",\"inLanguage\":\"pt-PT\",\"@id\":\"https:\/\/www.alquera.com\/en\/#\/schema\/logo\/image\/\",\"url\":\"https:\/\/www.alquera.com\/wp-content\/uploads\/2020\/11\/logo_300_ancho.png\",\"contentUrl\":\"https:\/\/www.alquera.com\/wp-content\/uploads\/2020\/11\/logo_300_ancho.png\",\"width\":300,\"height\":86,\"caption\":\"ALQUERA CIENCIA SL\"},\"image\":{\"@id\":\"https:\/\/www.alquera.com\/en\/#\/schema\/logo\/image\/\"},\"sameAs\":[\"https:\/\/www.facebook.com\/alqueraciencia\",\"https:\/\/www.instagram.com\/alquera_ciencia\/\",\"https:\/\/www.youtube.com\/c\/alquera\"]}]}<\/script>\n<meta property=\"og:availability\" content=\"instock\" \/>\n<meta property=\"product:availability\" content=\"instock\" \/>\n<meta property=\"product:retailer_item_id\" content=\"AL100061\" \/>\n<meta property=\"product:condition\" content=\"new\" \/>\n<!-- \/ Yoast SEO Premium plugin. -->","yoast_head_json":{"title":"B\u00f3rax Decahydrate - Comprar online - Alquera.com","description":"24\/48H DE NAVEGA\u00c7\u00c3O. Comprar Decahydrate de Borax. Utilizado no fabrico de detergentes, amaciadores, sab\u00f5es, bem como em joalharia.","robots":{"index":"index","follow":"follow","max-snippet":"max-snippet:-1","max-image-preview":"max-image-preview:large","max-video-preview":"max-video-preview:-1"},"canonical":"https:\/\/www.alquera.com\/pt\/borax\/","og_locale":"pt_PT","og_type":"article","og_title":"Borax Decahidratado: Comprar Online - Alquera.com","og_description":"ENV\u00cdOS EN 24\/48H. Comprar Borax Decahidratado. Uso para fabricaci\u00f3n detergentes, suavizantes, jabones, as\u00ed como en joyer\u00eda.","og_url":"https:\/\/www.alquera.com\/pt\/borax\/","og_site_name":"Alquera.com","article_publisher":"https:\/\/www.facebook.com\/alqueraciencia","article_modified_time":"2026-05-13T08:29:08+00:00","og_image":[{"width":800,"height":800,"url":"https:\/\/www.alquera.com\/wp-content\/uploads\/2017\/07\/1059-thickbox_default-Borax-Decahidratado-5Kg.jpg","type":"image\/jpeg"}],"twitter_card":"summary_large_image","twitter_misc":{"Disponibilidade":"Em stock"},"schema":{"@context":"https:\/\/schema.org","@graph":[{"@type":["WebPage","ItemPage"],"@id":"https:\/\/www.alquera.com\/borax\/","url":"https:\/\/www.alquera.com\/borax\/","name":"B\u00f3rax Decahydrate - Comprar online - Alquera.com","isPartOf":{"@id":"https:\/\/www.alquera.com\/en\/#website"},"primaryImageOfPage":{"@id":"https:\/\/www.alquera.com\/borax\/#primaryimage"},"image":{"@id":"https:\/\/www.alquera.com\/borax\/#primaryimage"},"thumbnailUrl":"https:\/\/www.alquera.com\/wp-content\/uploads\/2017\/07\/1059-thickbox_default-Borax-Decahidratado-5Kg.jpg","datePublished":"2017-07-07T16:17:41+00:00","dateModified":"2026-05-13T08:29:08+00:00","description":"24\/48H DE NAVEGA\u00c7\u00c3O. Comprar Decahydrate de Borax. Utilizado no fabrico de detergentes, amaciadores, sab\u00f5es, bem como em joalharia.","breadcrumb":{"@id":"https:\/\/www.alquera.com\/borax\/#breadcrumb"},"inLanguage":"pt-PT","potentialAction":[{"@type":"ReadAction","target":["https:\/\/www.alquera.com\/borax\/"]}]},{"@type":"ImageObject","inLanguage":"pt-PT","@id":"https:\/\/www.alquera.com\/borax\/#primaryimage","url":"https:\/\/www.alquera.com\/wp-content\/uploads\/2017\/07\/1059-thickbox_default-Borax-Decahidratado-5Kg.jpg","contentUrl":"https:\/\/www.alquera.com\/wp-content\/uploads\/2017\/07\/1059-thickbox_default-Borax-Decahidratado-5Kg.jpg","width":800,"height":800,"caption":"Borax Decahidratado"},{"@type":"BreadcrumbList","@id":"https:\/\/www.alquera.com\/borax\/#breadcrumb","itemListElement":[{"@type":"ListItem","position":1,"name":"Inicio","item":"https:\/\/www.alquera.com\/"},{"@type":"ListItem","position":2,"name":"Alquera.com: Tienda Online de Productos Qu\u00edmicos y Material de Laboratorio","item":"https:\/\/www.alquera.com\/en\/tienda\/"},{"@type":"ListItem","position":3,"name":"Borax Decahidratado"}]},{"@type":"WebSite","@id":"https:\/\/www.alquera.com\/en\/#website","url":"https:\/\/www.alquera.com\/en\/","name":"Alquera.com","description":"Loja on-line de produtos qu\u00edmicos e equipamento de laborat\u00f3rio","publisher":{"@id":"https:\/\/www.alquera.com\/en\/#organization"},"potentialAction":[{"@type":"SearchAction","target":{"@type":"EntryPoint","urlTemplate":"https:\/\/www.alquera.com\/en\/?s={search_term_string}"},"query-input":{"@type":"PropertyValueSpecification","valueRequired":true,"valueName":"search_term_string"}}],"inLanguage":"pt-PT"},{"@type":"Organization","@id":"https:\/\/www.alquera.com\/en\/#organization","name":"ALQUERA CIENCIA SL","url":"https:\/\/www.alquera.com\/en\/","logo":{"@type":"ImageObject","inLanguage":"pt-PT","@id":"https:\/\/www.alquera.com\/en\/#\/schema\/logo\/image\/","url":"https:\/\/www.alquera.com\/wp-content\/uploads\/2020\/11\/logo_300_ancho.png","contentUrl":"https:\/\/www.alquera.com\/wp-content\/uploads\/2020\/11\/logo_300_ancho.png","width":300,"height":86,"caption":"ALQUERA CIENCIA SL"},"image":{"@id":"https:\/\/www.alquera.com\/en\/#\/schema\/logo\/image\/"},"sameAs":["https:\/\/www.facebook.com\/alqueraciencia","https:\/\/www.instagram.com\/alquera_ciencia\/","https:\/\/www.youtube.com\/c\/alquera"]}]},"og_availability":"instock","product_availability":"instock","product_retailer_item_id":"AL100061","product_condition":"new"},"_links":{"self":[{"href":"https:\/\/www.alquera.com\/pt\/wp-json\/wp\/v2\/product\/885","targetHints":{"allow":["GET"]}}],"collection":[{"href":"https:\/\/www.alquera.com\/pt\/wp-json\/wp\/v2\/product"}],"about":[{"href":"https:\/\/www.alquera.com\/pt\/wp-json\/wp\/v2\/types\/product"}],"replies":[{"embeddable":true,"href":"https:\/\/www.alquera.com\/pt\/wp-json\/wp\/v2\/comments?post=885"}],"wp:featuredmedia":[{"embeddable":true,"href":"https:\/\/www.alquera.com\/pt\/wp-json\/wp\/v2\/media\/884"}],"wp:attachment":[{"href":"https:\/\/www.alquera.com\/pt\/wp-json\/wp\/v2\/media?parent=885"}],"wp:term":[{"taxonomy":"product_brand","embeddable":true,"href":"https:\/\/www.alquera.com\/pt\/wp-json\/wp\/v2\/product_brand?post=885"},{"taxonomy":"product_cat","embeddable":true,"href":"https:\/\/www.alquera.com\/pt\/wp-json\/wp\/v2\/product_cat?post=885"},{"taxonomy":"product_tag","embeddable":true,"href":"https:\/\/www.alquera.com\/pt\/wp-json\/wp\/v2\/product_tag?post=885"}],"curies":[{"name":"wp","href":"https:\/\/api.w.org\/{rel}","templated":true}]}}